{"id":1753,"date":"2025-11-10T11:25:33","date_gmt":"2025-11-10T11:25:33","guid":{"rendered":"https:\/\/hta-trader-academy.com\/?page_id=1753"},"modified":"2025-11-10T19:18:57","modified_gmt":"2025-11-10T19:18:57","slug":"orderflow-und-footprint-kurs","status":"publish","type":"page","link":"https:\/\/hta-trader-academy.com\/?page_id=1753","title":{"rendered":"Orderflow und Footprint"},"content":{"rendered":"<div data-colibri-id=\"1753-c1\" class=\"style-962 style-local-1753-c1 position-relative\">\n  <!---->\n  <div data-colibri-component=\"section\" data-colibri-id=\"1753-c2\" id=\"west-Chelsie\" class=\"h-section h-section-global-spacing d-flex align-items-lg-center align-items-md-center align-items-center style-963 style-local-1753-c2 position-relative\">\n    <!---->\n    <!---->\n    <div class=\"h-section-grid-container h-section-boxed-container\">\n      <!---->\n      <div data-colibri-id=\"1753-c3\" class=\"h-row-container gutters-row-lg-2 gutters-row-md-2 gutters-row-2 gutters-row-v-lg-2 gutters-row-v-md-2 gutters-row-v-2 style-964 style-local-1753-c3 position-relative\">\n        <!---->\n        <div class=\"h-row justify-content-lg-center justify-content-md-center justify-content-center align-items-lg-stretch align-items-md-stretch align-items-stretch gutters-col-lg-2 gutters-col-md-2 gutters-col-2 gutters-col-v-lg-2 gutters-col-v-md-2 gutters-col-v-2\">\n          <!---->\n          <div class=\"h-column h-column-container d-flex h-col-lg-auto h-col-md-auto h-col-auto style-965-outer style-local-1753-c4-outer\">\n            <div data-colibri-id=\"1753-c4\" class=\"d-flex h-flex-basis h-column__inner h-px-lg-0 h-px-md-0 h-px-2 v-inner-lg-0 v-inner-md-0 v-inner-2 style-965 style-local-1753-c4 position-relative\">\n              <!---->\n              <!---->\n              <div class=\"w-100 h-y-container h-column__content h-column__v-align flex-basis-100 align-self-lg-center align-self-md-center align-self-center\">\n                <!---->\n                <div data-colibri-id=\"1753-c5\" class=\"h-global-transition-all h-heading style-966 style-local-1753-c5 position-relative h-element\">\n                  <!---->\n                  <div class=\"h-heading__outer style-966 style-local-1753-c5\">\n                    <!---->\n                    <!---->\n                    <h2 class=\"\">Order Flow verstehen und professionell anwenden:&nbsp;mit echten Marktdaten und klaren Setups<\/h2>\n                  <\/div>\n                <\/div>\n                <div data-colibri-component=\"video\" data-colibri-id=\"1753-c6\" class=\"d-block h-video d-block h-video style-967 style-local-1753-c6 position-relative h-element\">\n                  <!---->\n                  <!---->\n                  <div class=\"video-container position-relative\">\n                    <div class=\"h-global-transition-all ratio-inner\"><iframe src=https:\/\/www.youtube.com\/embed\/rOPqgwKw5no?autoplay=0&#038;mute=0&#038;modestbranding=0&#038;rel=0&#038;enablejsapi=1&#038; class='h-video-main'  allowfullscreen><\/iframe><\/div>\n                  <\/div>\n                <\/div>\n                <div data-colibri-id=\"1753-c8\" class=\"h-text h-text-component style-969 style-local-1753-c8 position-relative h-element\">\n                  <!---->\n                  <!---->\n                  <div class=\"\">\n                    <p>Der Order Flow Kurs zeigt dir, <strong style=\"color: rgb(235, 195, 153);\">wie du den Markt auf einer ganz anderen Ebene liest,<\/strong> nicht mit Indikatoren oder Vermutungen, sondern mit echtem Verst\u00e4ndnis f\u00fcr das, was wirklich passiert.<\/p>\n                    <p>Du lernst, das Verhalten gro\u00dfer Marktteilnehmer zu erkennen, Volumenbewegungen richtig einzuordnen und sie gezielt f\u00fcr deine Trades zu nutzen.\n                      <br> Es geht darum, zu verstehen, <strong style=\"color: rgb(235, 195, 153);\">warum der Markt sich bewegt<\/strong> und nicht einfach nur, dass er sich bewegt.<\/p>\n                    <p>Dieser Kurs ist praxisorientiert, klar aufgebaut und zeigt dir, wie du das Wissen professioneller Trader Schritt f\u00fcr Schritt in dein eigenes Trading integrierst.\n                      <br> Er ist <strong style=\"color: rgb(235, 195, 153);\">das letzte Puzzleteil<\/strong>, nach dem Basiskurs und Market Profile Kurs, das du brauchst, um ein vollst\u00e4ndiges Verst\u00e4ndnis f\u00fcr den Markt zu bekommen. Mit diesem Kurs hast du wirklich\n                      alles, um strukturiert und professionell zu traden.<\/p>\n                    <h3><strong style=\"color: rgb(235, 195, 153);\">Kursinhalt im \u00dcberblick<\/strong><\/h3>\n                    <p>\u2022 Fundamentales Verst\u00e4ndnis von Order Flow und Marktstruktur\n                      <br> \u2022 Wie du erkennst, was im Markt wirklich passiert\n                      <br> \u2022 Strukturierte Analyse mit Fokus auf Volumen und Verhalten\n                      <br> \u2022 Klare Strategien und Setups f\u00fcr den praktischen Einsatz\n                      <br> \u2022 Live-Meetings mit direkter Anwendung und Feedback\n                      <br> \u2022 Praxisnahe Beispiele aus dem echten Trading-Alltag<\/p>\n                    <h3><strong style=\"color: rgb(235, 195, 153);\">Wichtig<\/strong><\/h3>\n                    <p>Der Kurs findet live in Online-Meetings statt, interaktiv, mit direkter Anwendung und Raum f\u00fcr Fragen.\n                      <br> Er ist ideal f\u00fcr Trader, die <strong>nicht mehr raten<\/strong>, sondern <strong>verstehen<\/strong> wollen, wie der Markt tats\u00e4chlich funktioniert.<\/p>\n                    <p>Wenn du dein Trading auf das n\u00e4chste Level bringen willst und bereit bist, den Markt so zu lesen wie die Profis, ist das dein n\u00e4chster Schritt.<\/p>\n                    <p>Starte jetzt und erlebe echtes Marktverst\u00e4ndnis\n                      <br> f\u00fcr <strong>5.000 CHF<\/strong><\/p>\n                  <\/div>\n                <\/div>\n              <\/div>\n            <\/div>\n          <\/div>\n        <\/div>\n      <\/div>\n      <div data-colibri-id=\"1753-c9\" class=\"h-row-container gutters-row-lg-2 gutters-row-md-2 gutters-row-0 gutters-row-v-lg-2 gutters-row-v-md-2 gutters-row-v-2 style-970 style-local-1753-c9 position-relative\">\n        <!---->\n        <div class=\"h-row justify-content-lg-center justify-content-md-center justify-content-center align-items-lg-stretch align-items-md-stretch align-items-stretch gutters-col-lg-2 gutters-col-md-2 gutters-col-0 gutters-col-v-lg-2 gutters-col-v-md-2 gutters-col-v-2\">\n          <!---->\n          <div class=\"h-column h-column-container d-flex h-col-lg-auto h-col-md-auto h-col-auto style-971-outer style-local-1753-c10-outer\">\n            <div data-colibri-id=\"1753-c10\" class=\"d-flex h-flex-basis h-column__inner h-px-lg-2 h-px-md-2 h-px-2 v-inner-lg-2 v-inner-md-2 v-inner-2 style-971 style-local-1753-c10 position-relative\">\n              <!---->\n              <!---->\n              <div class=\"w-100 h-y-container h-column__content h-column__v-align flex-basis-100 align-self-lg-start align-self-md-start align-self-start\">\n                <!---->\n                <div data-colibri-id=\"1753-c11\" class=\"h-x-container style-972 style-local-1753-c11 position-relative h-element\">\n                  <!---->\n                  <div class=\"h-x-container-inner style-dynamic-1753-c11-group style-972-spacing style-local-1753-c11-spacing\"><span class=\"h-button__outer style-973-outer style-local-1753-c12-outer d-inline-flex h-element\"><a h-use-smooth-scroll=\"true\" href=\"https:\/\/htatrader.simplybook.me\/v2\/?preview=1&amp;theme_id=7&amp;widget-type=iframe&amp;is_rtl=0&amp;timeline=modern&amp;datepicker=top_calendar#book\"  data-colibri-id=\"1753-c12\" class=\"d-flex w-100 align-items-center h-button justify-content-lg-center justify-content-md-center justify-content-center style-973 style-local-1753-c12 position-relative\"><!----><!----> <span>STarte Jetzt<\/span><\/a>\n                    <\/span>\n                  <\/div>\n                <\/div>\n              <\/div>\n            <\/div>\n          <\/div>\n        <\/div>\n      <\/div>\n    <\/div>\n  <\/div>\n  <div data-colibri-component=\"section\" data-colibri-id=\"1753-c13\" id=\"school-section-1\" class=\"h-section h-section-global-spacing d-flex align-items-lg-center align-items-md-center align-items-center style-974 style-local-1753-c13 position-relative\">\n    <div class=\"background-wrapper\">\n      <div class=\"background-layer background-layer-media-container-lg\">\n        <div data-enabled=\"true\" data-colibri-component=\"parallax\" class=\"background-layer paraxify\" style=\"background-image: url(&quot;https:\/\/hta-trader-academy.com\/wp-content\/uploads\/2025\/07\/cropped-cropped-cropped-webinar-5220471-scaled-1.jpg&quot;);\"\n          model-id=\"1753-c13\" media=\"desktop\" is-preview=\"true\"><\/div>\n        <div class=\"overlay-layer\">\n          <div class=\"overlay-image-layer\" style=\"background-color: rgb(0, 0, 0); opacity: 0.83;\"><\/div>\n        <\/div>\n      <\/div>\n      <div class=\"background-layer background-layer-media-container-md\">\n        <div data-enabled=\"true\" data-colibri-component=\"parallax\" class=\"background-layer paraxify\" style=\"background-image: url(&quot;https:\/\/hta-trader-academy.com\/wp-content\/uploads\/2025\/07\/cropped-cropped-cropped-webinar-5220471-scaled-1.jpg&quot;);\"\n          model-id=\"1753-c13\" media=\"tablet\" is-preview=\"true\"><\/div>\n        <div class=\"overlay-layer\">\n          <div class=\"overlay-image-layer\" style=\"background-color: rgb(0, 0, 0); opacity: 0.83;\"><\/div>\n        <\/div>\n      <\/div>\n      <div class=\"background-layer background-layer-media-container\">\n        <div data-enabled=\"true\" data-colibri-component=\"parallax\" class=\"background-layer paraxify\" style=\"background-image: url(&quot;https:\/\/hta-trader-academy.com\/wp-content\/uploads\/2025\/07\/cropped-cropped-cropped-webinar-5220471-scaled-1.jpg&quot;);\"\n          model-id=\"1753-c13\" media=\"mobile\" is-preview=\"true\"><\/div>\n        <div class=\"overlay-layer\">\n          <div class=\"overlay-image-layer\" style=\"background-color: rgb(0, 0, 0); opacity: 0.83;\"><\/div>\n        <\/div>\n      <\/div>\n    <\/div>\n    <!---->\n    <div class=\"h-section-grid-container h-section-boxed-container\">\n      <div data-colibri-id=\"1753-c16\" class=\"h-row-container gutters-row-lg-2 gutters-row-md-2 gutters-row-0 gutters-row-v-lg-2 gutters-row-v-md-2 gutters-row-v-2 style-977 style-local-1753-c16 position-relative\">\n        <!---->\n        <div class=\"h-row justify-content-lg-center justify-content-md-center justify-content-center align-items-lg-stretch align-items-md-stretch align-items-stretch gutters-col-lg-2 gutters-col-md-2 gutters-col-0 gutters-col-v-lg-2 gutters-col-v-md-2 gutters-col-v-2\">\n          <!---->\n          <div class=\"h-column h-column-container d-flex h-col-lg-auto h-col-md-auto h-col-auto style-978-outer style-local-1753-c17-outer\">\n            <div data-colibri-id=\"1753-c17\" class=\"d-flex h-flex-basis h-column__inner h-px-lg-2 h-px-md-2 h-px-2 v-inner-lg-2 v-inner-md-2 v-inner-2 style-978 style-local-1753-c17 position-relative\">\n              <!---->\n              <!---->\n              <div class=\"w-100 h-y-container h-column__content h-column__v-align flex-basis-100 align-self-lg-start align-self-md-start align-self-start\">\n                <!---->\n                <div data-colibri-id=\"1753-c18\" class=\"h-global-transition-all h-heading style-979 style-local-1753-c18 position-relative h-element\">\n                  <!---->\n                  <div class=\"h-heading__outer style-979 style-local-1753-c18\">\n                    <!---->\n                    <!---->\n                    <h2 class=\"\">Kostenfreies Erstgespr\u00e4ch vereinbaren<\/h2>\n                  <\/div>\n                <\/div>\n                <div data-colibri-id=\"1753-c19\" class=\"h-x-container style-980 style-local-1753-c19 position-relative h-element\">\n                  <!---->\n                  <div class=\"h-x-container-inner style-dynamic-1753-c19-group style-980-spacing style-local-1753-c19-spacing\"><span class=\"h-button__outer style-981-outer style-local-1753-c20-outer d-inline-flex h-element\"><a h-use-smooth-scroll=\"true\" href=\"https:\/\/htatrader.simplybook.me\/v2\/?preview=1&amp;theme_id=7&amp;widget-type=iframe&amp;is_rtl=0&amp;timeline=modern&amp;datepicker=top_calendar#book\"  data-colibri-id=\"1753-c20\" class=\"d-flex w-100 align-items-center h-button justify-content-lg-center justify-content-md-center justify-content-center style-981 style-local-1753-c20 position-relative\"><!----><!----> <span>Jetzt Termin buchen<\/span><\/a>\n                    <\/span>\n                  <\/div>\n                <\/div>\n                <div data-colibri-id=\"1753-c21\" class=\"h-lead h-text h-text-component style-982 style-local-1753-c21 position-relative h-element\">\n                  <!---->\n                  <!---->\n                  <div class=\"\">\n                    <p>Lass uns gemeinsam besprechen, wie du dein Trading aufs n\u00e4chste Level bringst. Buche jetzt dein unverbindliches Kennenlerngespr\u00e4ch!<\/p>\n                  <\/div>\n                <\/div>\n              <\/div>\n            <\/div>\n          <\/div>\n        <\/div>\n      <\/div>\n      <div data-colibri-id=\"1753-c14\" class=\"h-row-container gutters-row-lg-0 gutters-row-md-0 gutters-row-0 gutters-row-v-lg-0 gutters-row-v-md-0 gutters-row-v-0 style-975 style-local-1753-c14 position-relative\">\n        <!---->\n        <div class=\"h-row justify-content-lg-center justify-content-md-center justify-content-center align-items-lg-stretch align-items-md-stretch align-items-stretch gutters-col-lg-0 gutters-col-md-0 gutters-col-0 gutters-col-v-lg-0 gutters-col-v-md-0 gutters-col-v-0\">\n          <!---->\n          <div class=\"h-column h-column-container d-flex h-col-lg-auto h-col-md-auto h-col-auto style-976-outer style-local-1753-c15-outer h-hide-lg h-hide-md\">\n            <div data-colibri-id=\"1753-c15\" class=\"d-flex h-flex-basis h-column__inner h-ui-empty-state-container h-px-lg-0 h-px-md-0 h-px-0 v-inner-lg-0 v-inner-md-0 v-inner-0 style-976 style-local-1753-c15 h-hide-lg h-hide-md position-relative\">\n              <!---->\n              <!---->\n              <div class=\"w-100 h-y-container h-column__content h-column__v-align flex-basis-100\">\n                <!---->\n              <\/div>\n            <\/div>\n          <\/div>\n        <\/div>\n      <\/div>\n    <\/div>\n  <\/div>\n<\/div>","protected":false},"excerpt":{"rendered":"<p>Order Flow verstehen und professionell anwenden:&nbsp;mit echten Marktdaten und klaren Setups Der Order Flow Kurs zeigt dir, wie du den Markt auf einer ganz anderen Ebene liest, nicht mit Indikatoren oder Vermutungen, sondern mit echtem Verst\u00e4ndnis f\u00fcr das, was wirklich passiert. Du lernst, das Verhalten gro\u00dfer Marktteilnehmer zu erkennen, Volumenbewegungen richtig einzuordnen und sie gezielt [&hellip;]<\/p>\n","protected":false},"author":1,"featured_media":0,"parent":179,"menu_order":0,"comment_status":"closed","ping_status":"closed","template":"page-templates\/full-width-page.php","meta":{"footnotes":""},"class_list":["post-1753","page","type-page","status-publish","hentry"],"jetpack_sharing_enabled":true,"_links":{"self":[{"href":"https:\/\/hta-trader-academy.com\/index.php?rest_route=\/wp\/v2\/pages\/1753","targetHints":{"allow":["GET"]}}],"collection":[{"href":"https:\/\/hta-trader-academy.com\/index.php?rest_route=\/wp\/v2\/pages"}],"about":[{"href":"https:\/\/hta-trader-academy.com\/index.php?rest_route=\/wp\/v2\/types\/page"}],"author":[{"embeddable":true,"href":"https:\/\/hta-trader-academy.com\/index.php?rest_route=\/wp\/v2\/users\/1"}],"replies":[{"embeddable":true,"href":"https:\/\/hta-trader-academy.com\/index.php?rest_route=%2Fwp%2Fv2%2Fcomments&post=1753"}],"version-history":[{"count":5,"href":"https:\/\/hta-trader-academy.com\/index.php?rest_route=\/wp\/v2\/pages\/1753\/revisions"}],"predecessor-version":[{"id":1800,"href":"https:\/\/hta-trader-academy.com\/index.php?rest_route=\/wp\/v2\/pages\/1753\/revisions\/1800"}],"up":[{"embeddable":true,"href":"https:\/\/hta-trader-academy.com\/index.php?rest_route=\/wp\/v2\/pages\/179"}],"wp:attachment":[{"href":"https:\/\/hta-trader-academy.com\/index.php?rest_route=%2Fwp%2Fv2%2Fmedia&parent=1753"}],"curies":[{"name":"wp","href":"https:\/\/api.w.org\/{rel}","templated":true}]}}