{"id":719,"date":"2025-06-24T17:29:11","date_gmt":"2025-06-24T17:29:11","guid":{"rendered":"https:\/\/hta-trader-academy.com\/?page_id=719"},"modified":"2025-07-15T15:08:50","modified_gmt":"2025-07-15T15:08:50","slug":"kurs-2","status":"publish","type":"page","link":"https:\/\/hta-trader-academy.com\/?page_id=719","title":{"rendered":"Market Profile Basis"},"content":{"rendered":"<div data-colibri-id=\"719-c1\" class=\"style-717 style-local-719-c1 position-relative\">\n  <!---->\n  <div data-colibri-component=\"section\" data-colibri-id=\"719-c2\" id=\"west-Chelsie\" class=\"h-section h-section-global-spacing d-flex align-items-lg-center align-items-md-center align-items-center style-718 style-local-719-c2 position-relative\">\n    <!---->\n    <!---->\n    <div class=\"h-section-grid-container h-section-boxed-container\">\n      <!---->\n      <div data-colibri-id=\"719-c3\" class=\"h-row-container gutters-row-lg-2 gutters-row-md-2 gutters-row-2 gutters-row-v-lg-2 gutters-row-v-md-2 gutters-row-v-2 style-719 style-local-719-c3 position-relative\">\n        <!---->\n        <div class=\"h-row justify-content-lg-center justify-content-md-center justify-content-center align-items-lg-stretch align-items-md-stretch align-items-stretch gutters-col-lg-2 gutters-col-md-2 gutters-col-2 gutters-col-v-lg-2 gutters-col-v-md-2 gutters-col-v-2\">\n          <!---->\n          <div class=\"h-column h-column-container d-flex h-col-lg-auto h-col-md-auto h-col-auto style-722-outer style-local-719-c4-outer\">\n            <div data-colibri-id=\"719-c4\" class=\"d-flex h-flex-basis h-column__inner h-px-lg-0 h-px-md-0 h-px-2 v-inner-lg-0 v-inner-md-0 v-inner-2 style-722 style-local-719-c4 position-relative\">\n              <!---->\n              <!---->\n              <div class=\"w-100 h-y-container h-column__content h-column__v-align flex-basis-100 align-self-lg-center align-self-md-center align-self-center\">\n                <!---->\n                <div data-colibri-id=\"719-c5\" class=\"h-global-transition-all h-heading style-723 style-local-719-c5 position-relative h-element\">\n                  <!---->\n                  <div class=\"h-heading__outer style-723 style-local-719-c5\">\n                    <!---->\n                    <!---->\n                    <h2 class=\"\">Tiefere Markteinblicke mit Struktur &#8211; dein Einstieg ins Market Profile<\/h2>\n                  <\/div>\n                <\/div>\n                <div data-colibri-component=\"video\" data-colibri-id=\"719-c6\" class=\"d-block h-video d-block h-video style-803 style-local-719-c6 position-relative h-element\">\n                  <!---->\n                  <!---->\n                  <div class=\"video-container position-relative\">\n                    <div class=\"h-global-transition-all ratio-inner\"><iframe src=https:\/\/www.youtube.com\/embed\/QNSYVCo5Y_Y?autoplay=0&#038;mute=0&#038;modestbranding=0&#038;rel=0&#038;enablejsapi=1&#038; class='h-video-main'  allowfullscreen><\/iframe><\/div>\n                  <\/div>\n                <\/div>\n                <div data-colibri-id=\"719-c8\" class=\"h-text h-text-component style-724 style-local-719-c8 position-relative h-element\">\n                  <!---->\n                  <!---->\n                  <div class=\"\">\n                    <p>Viele nennen sich Trader \u2013 aber nur wenige verstehen wirklich, wie M\u00e4rkte funktionieren. W\u00e4hrend auf YouTube oft Oberfl\u00e4chliches wiederholt wird, arbeiten institutionelle Trader mit klaren Konzepten, fundierten Strukturen und einem\n                      tiefen Verst\u00e4ndnis f\u00fcr Marktlogik.\n                      <br> Eines dieser Konzepte ist das <strong>Market Profile<\/strong> \u2013 und genau das lernst du hier.<\/p>\n                    <p>In diesem Kurs bekommst du das Fundament, das professionelle Trader nutzen, um fundierte Entscheidungen zu treffen \u2013 ganz ohne bunte Indikatoren oder Ratespiele. Du lernst, wie Marktstruktur aufgebaut ist, wie Bewegung und Akzeptanz\n                      funktionieren und warum das Verst\u00e4ndnis f\u00fcr Preisverteilung der Schl\u00fcssel zu echter Klarheit ist.<\/p>\n                    <p><strong>Kursinhalt im \u00dcberblick:<\/strong><\/p>\n                    <ul>\n                      <li>Was Market Profile wirklich ist \u2013 und was es dir im Trading bringt<\/li>\n                      <li>Aufbau und Logik hinter dem TPO-Chart<\/li>\n                      <li>Marktbewegung, Akzeptanzzonen und Preisentwicklung<\/li>\n                      <li>Typische Profile-Formationen und deren Bedeutung<\/li>\n                      <li>Cash-Session vs. 24h-Charts \u2013 worauf es wirklich ankommt<\/li>\n                      <li>Vorbereitung auf die eigene Anwendung im Trading-Alltag<\/li>\n                    <\/ul>\n                    <p><strong>Wichtig:<\/strong>\n                      <br> Dieser Kurs ist keine \u201eYouTube-Strategie\u201c, sondern basiert auf Konzepten, die in professionellen Prop-Firmen und im institutionellen Handel verwendet werden. Wenn du dein Trading ernst nimmst und die M\u00e4rkte aus einer neuen, strukturierten\n                      Perspektive betrachten willst, ist dieser Kurs genau f\u00fcr dich gemacht.<\/p>\n                    <p><strong>Lerne, wie echte Profis den Markt analysieren \u2013 und werde selbst einer.<\/strong><\/p>\n                    <p>\ufeffStarte jetzt und entwickle ein professionelles Verst\u00e4ndnis f\u00fcr Marktstruktur und Preisbewegungen \u2013 f\u00fcr nur 4.000 CHF.<\/p>\n                    <p>\n                      <br>\n                    <\/p>\n                  <\/div>\n                <\/div>\n              <\/div>\n            <\/div>\n          <\/div>\n        <\/div>\n      <\/div>\n      <div data-colibri-id=\"719-c9\" class=\"h-row-container gutters-row-lg-2 gutters-row-md-2 gutters-row-0 gutters-row-v-lg-2 gutters-row-v-md-2 gutters-row-v-2 style-928 style-local-719-c9 position-relative\">\n        <!---->\n        <div class=\"h-row justify-content-lg-center justify-content-md-center justify-content-center align-items-lg-stretch align-items-md-stretch align-items-stretch gutters-col-lg-2 gutters-col-md-2 gutters-col-0 gutters-col-v-lg-2 gutters-col-v-md-2 gutters-col-v-2\">\n          <!---->\n          <div class=\"h-column h-column-container d-flex h-col-lg-auto h-col-md-auto h-col-auto style-929-outer style-local-719-c10-outer\">\n            <div data-colibri-id=\"719-c10\" class=\"d-flex h-flex-basis h-column__inner h-px-lg-2 h-px-md-2 h-px-2 v-inner-lg-2 v-inner-md-2 v-inner-2 style-929 style-local-719-c10 position-relative\">\n              <!---->\n              <!---->\n              <div class=\"w-100 h-y-container h-column__content h-column__v-align flex-basis-100 align-self-lg-start align-self-md-start align-self-start\">\n                <!---->\n                <div data-colibri-id=\"719-c11\" class=\"h-x-container style-931 style-local-719-c11 position-relative h-element\">\n                  <!---->\n                  <div class=\"h-x-container-inner style-dynamic-719-c11-group style-931-spacing style-local-719-c11-spacing\"><span class=\"h-button__outer style-932-outer style-local-719-c12-outer d-inline-flex h-element\"><a h-use-smooth-scroll=\"true\" href=\"https:\/\/htatrader.simplybook.me\/v2\/?preview=1&amp;theme_id=7&amp;widget-type=iframe&amp;is_rtl=0&amp;timeline=modern&amp;datepicker=top_calendar#book\"  data-colibri-id=\"719-c12\" class=\"d-flex w-100 align-items-center h-button justify-content-lg-center justify-content-md-center justify-content-center style-932 style-local-719-c12 position-relative\"><!----><!----> <span>STarte Jetzt<\/span><\/a>\n                    <\/span>\n                  <\/div>\n                <\/div>\n              <\/div>\n            <\/div>\n          <\/div>\n        <\/div>\n      <\/div>\n    <\/div>\n  <\/div>\n  <div data-colibri-component=\"section\" data-colibri-id=\"719-c13\" id=\"school-section-1\" class=\"h-section h-section-global-spacing d-flex align-items-lg-center align-items-md-center align-items-center style-743 style-local-719-c13 position-relative\">\n    <div class=\"background-wrapper\">\n      <div class=\"background-layer background-layer-media-container-lg\">\n        <div data-enabled=\"true\" data-colibri-component=\"parallax\" class=\"background-layer paraxify\" style=\"background-image: url(&quot;https:\/\/hta-trader-academy.com\/wp-content\/uploads\/2025\/07\/cropped-cropped-cropped-webinar-5220471-scaled-1.jpg&quot;);\"\n          model-id=\"719-c13\" media=\"desktop\" is-preview=\"true\"><\/div>\n        <div class=\"overlay-layer\">\n          <div class=\"overlay-image-layer\" style=\"background-color: rgb(0, 0, 0); opacity: 0.83;\"><\/div>\n        <\/div>\n      <\/div>\n      <div class=\"background-layer background-layer-media-container-md\">\n        <div data-enabled=\"true\" data-colibri-component=\"parallax\" class=\"background-layer paraxify\" style=\"background-image: url(&quot;https:\/\/hta-trader-academy.com\/wp-content\/uploads\/2025\/07\/cropped-cropped-cropped-webinar-5220471-scaled-1.jpg&quot;);\"\n          model-id=\"719-c13\" media=\"tablet\" is-preview=\"true\"><\/div>\n        <div class=\"overlay-layer\">\n          <div class=\"overlay-image-layer\" style=\"background-color: rgb(0, 0, 0); opacity: 0.83;\"><\/div>\n        <\/div>\n      <\/div>\n      <div class=\"background-layer background-layer-media-container\">\n        <div data-enabled=\"true\" data-colibri-component=\"parallax\" class=\"background-layer paraxify\" style=\"background-image: url(&quot;https:\/\/hta-trader-academy.com\/wp-content\/uploads\/2025\/07\/cropped-cropped-cropped-webinar-5220471-scaled-1.jpg&quot;);\"\n          model-id=\"719-c13\" media=\"mobile\" is-preview=\"true\"><\/div>\n        <div class=\"overlay-layer\">\n          <div class=\"overlay-image-layer\" style=\"background-color: rgb(0, 0, 0); opacity: 0.83;\"><\/div>\n        <\/div>\n      <\/div>\n    <\/div>\n    <!---->\n    <div class=\"h-section-grid-container h-section-boxed-container\">\n      <div data-colibri-id=\"719-c16\" class=\"h-row-container gutters-row-lg-2 gutters-row-md-2 gutters-row-0 gutters-row-v-lg-2 gutters-row-v-md-2 gutters-row-v-2 style-746 style-local-719-c16 position-relative\">\n        <!---->\n        <div class=\"h-row justify-content-lg-center justify-content-md-center justify-content-center align-items-lg-stretch align-items-md-stretch align-items-stretch gutters-col-lg-2 gutters-col-md-2 gutters-col-0 gutters-col-v-lg-2 gutters-col-v-md-2 gutters-col-v-2\">\n          <!---->\n          <div class=\"h-column h-column-container d-flex h-col-lg-auto h-col-md-auto h-col-auto style-747-outer style-local-719-c17-outer\">\n            <div data-colibri-id=\"719-c17\" class=\"d-flex h-flex-basis h-column__inner h-px-lg-2 h-px-md-2 h-px-2 v-inner-lg-2 v-inner-md-2 v-inner-2 style-747 style-local-719-c17 position-relative\">\n              <!---->\n              <!---->\n              <div class=\"w-100 h-y-container h-column__content h-column__v-align flex-basis-100 align-self-lg-start align-self-md-start align-self-start\">\n                <!---->\n                <div data-colibri-id=\"719-c18\" class=\"h-global-transition-all h-heading style-748 style-local-719-c18 position-relative h-element\">\n                  <!---->\n                  <div class=\"h-heading__outer style-748 style-local-719-c18\">\n                    <!---->\n                    <!---->\n                    <h2 class=\"\">Kostenfreies Erstgespr\u00e4ch vereinbaren<\/h2>\n                  <\/div>\n                <\/div>\n                <div data-colibri-id=\"719-c19\" class=\"h-x-container style-749 style-local-719-c19 position-relative h-element\">\n                  <!---->\n                  <div class=\"h-x-container-inner style-dynamic-719-c19-group style-749-spacing style-local-719-c19-spacing\"><span class=\"h-button__outer style-750-outer style-local-719-c20-outer d-inline-flex h-element\"><a h-use-smooth-scroll=\"true\" href=\"https:\/\/htatrader.simplybook.me\/v2\/?preview=1&amp;theme_id=7&amp;widget-type=iframe&amp;is_rtl=0&amp;timeline=modern&amp;datepicker=top_calendar#book\"  data-colibri-id=\"719-c20\" class=\"d-flex w-100 align-items-center h-button justify-content-lg-center justify-content-md-center justify-content-center style-750 style-local-719-c20 position-relative\"><!----><!----> <span>Jetzt Termin buchen<\/span><\/a>\n                    <\/span>\n                  <\/div>\n                <\/div>\n                <div data-colibri-id=\"719-c21\" class=\"h-lead h-text h-text-component style-751 style-local-719-c21 position-relative h-element\">\n                  <!---->\n                  <!---->\n                  <div class=\"\">\n                    <p>Lass uns gemeinsam besprechen, wie du dein Trading aufs n\u00e4chste Level bringst. Buche jetzt dein unverbindliches Kennenlerngespr\u00e4ch!<\/p>\n                  <\/div>\n                <\/div>\n              <\/div>\n            <\/div>\n          <\/div>\n        <\/div>\n      <\/div>\n      <div data-colibri-id=\"719-c14\" class=\"h-row-container gutters-row-lg-0 gutters-row-md-0 gutters-row-0 gutters-row-v-lg-0 gutters-row-v-md-0 gutters-row-v-0 style-744 style-local-719-c14 position-relative\">\n        <!---->\n        <div class=\"h-row justify-content-lg-center justify-content-md-center justify-content-center align-items-lg-stretch align-items-md-stretch align-items-stretch gutters-col-lg-0 gutters-col-md-0 gutters-col-0 gutters-col-v-lg-0 gutters-col-v-md-0 gutters-col-v-0\">\n          <!---->\n          <div class=\"h-column h-column-container d-flex h-col-lg-auto h-col-md-auto h-col-auto style-745-outer style-local-719-c15-outer h-hide-lg h-hide-md\">\n            <div data-colibri-id=\"719-c15\" class=\"d-flex h-flex-basis h-column__inner h-ui-empty-state-container h-px-lg-0 h-px-md-0 h-px-0 v-inner-lg-0 v-inner-md-0 v-inner-0 style-745 style-local-719-c15 h-hide-lg h-hide-md position-relative\">\n              <!---->\n              <!---->\n              <div class=\"w-100 h-y-container h-column__content h-column__v-align flex-basis-100\">\n                <!---->\n              <\/div>\n            <\/div>\n          <\/div>\n        <\/div>\n      <\/div>\n    <\/div>\n  <\/div>\n<\/div>","protected":false},"excerpt":{"rendered":"<p>Tiefere Markteinblicke mit Struktur &#8211; dein Einstieg ins Market Profile Viele nennen sich Trader \u2013 aber nur wenige verstehen wirklich, wie M\u00e4rkte funktionieren. W\u00e4hrend auf YouTube oft Oberfl\u00e4chliches wiederholt wird, arbeiten institutionelle Trader mit klaren Konzepten, fundierten Strukturen und einem tiefen Verst\u00e4ndnis f\u00fcr Marktlogik. Eines dieser Konzepte ist das Market Profile \u2013 und genau das [&hellip;]<\/p>\n","protected":false},"author":1,"featured_media":0,"parent":0,"menu_order":0,"comment_status":"closed","ping_status":"closed","template":"page-templates\/full-width-page.php","meta":{"footnotes":""},"class_list":["post-719","page","type-page","status-publish","hentry"],"jetpack_sharing_enabled":true,"_links":{"self":[{"href":"https:\/\/hta-trader-academy.com\/index.php?rest_route=\/wp\/v2\/pages\/719","targetHints":{"allow":["GET"]}}],"collection":[{"href":"https:\/\/hta-trader-academy.com\/index.php?rest_route=\/wp\/v2\/pages"}],"about":[{"href":"https:\/\/hta-trader-academy.com\/index.php?rest_route=\/wp\/v2\/types\/page"}],"author":[{"embeddable":true,"href":"https:\/\/hta-trader-academy.com\/index.php?rest_route=\/wp\/v2\/users\/1"}],"replies":[{"embeddable":true,"href":"https:\/\/hta-trader-academy.com\/index.php?rest_route=%2Fwp%2Fv2%2Fcomments&post=719"}],"version-history":[{"count":12,"href":"https:\/\/hta-trader-academy.com\/index.php?rest_route=\/wp\/v2\/pages\/719\/revisions"}],"predecessor-version":[{"id":1554,"href":"https:\/\/hta-trader-academy.com\/index.php?rest_route=\/wp\/v2\/pages\/719\/revisions\/1554"}],"wp:attachment":[{"href":"https:\/\/hta-trader-academy.com\/index.php?rest_route=%2Fwp%2Fv2%2Fmedia&parent=719"}],"curies":[{"name":"wp","href":"https:\/\/api.w.org\/{rel}","templated":true}]}}