{"id":1648,"date":"2025-07-16T17:07:42","date_gmt":"2025-07-16T17:07:42","guid":{"rendered":"https:\/\/hta-trader-academy.com\/?post_type=product&#038;p=1648"},"modified":"2025-11-10T17:14:45","modified_gmt":"2025-11-10T17:14:45","slug":"marketprofile-basiskurs","status":"publish","type":"product","link":"https:\/\/hta-trader-academy.com\/?product=marketprofile-basiskurs","title":{"rendered":"Marketprofile Basiskurs"},"content":{"rendered":"<h2 class=\"\">Tiefere Markteinblicke mit Struktur \u2013 dein Einstieg ins Market Profile<\/h2>\n<p>&nbsp;<\/p>\n<p>Viele nennen sich Trader \u2013 aber nur wenige verstehen wirklich, wie M\u00e4rkte funktionieren. W\u00e4hrend auf YouTube oft Oberfl\u00e4chliches wiederholt wird, arbeiten institutionelle Trader mit klaren Konzepten, fundierten Strukturen und einem tiefen Verst\u00e4ndnis f\u00fcr Marktlogik.<br \/>\nEines dieser Konzepte ist das <strong>Market Profile<\/strong> \u2013 und genau das lernst du hier.<\/p>\n<p>In diesem Kurs bekommst du das Fundament, das professionelle Trader nutzen, um fundierte Entscheidungen zu treffen \u2013 ganz ohne bunte Indikatoren oder Ratespiele. Du lernst, wie Marktstruktur aufgebaut ist, wie Bewegung und Akzeptanz funktionieren und warum das Verst\u00e4ndnis f\u00fcr Preisverteilung der Schl\u00fcssel zu echter Klarheit ist.<\/p>\n<p><strong>Kursinhalt im \u00dcberblick:<\/strong><\/p>\n<ul>\n<li>Was Market Profile wirklich ist \u2013 und was es dir im Trading bringt<\/li>\n<li>Aufbau und Logik hinter dem TPO-Chart<\/li>\n<li>Marktbewegung, Akzeptanzzonen und Preisentwicklung<\/li>\n<li>Typische Profile-Formationen und deren Bedeutung<\/li>\n<li>Cash-Session vs. 24h-Charts \u2013 worauf es wirklich ankommt<\/li>\n<li>Vorbereitung auf die eigene Anwendung im Trading-Alltag<\/li>\n<\/ul>\n<p><strong>Wichtig:<\/strong><br \/>\nDieser Kurs ist keine \u201eYouTube-Strategie\u201c, sondern basiert auf Konzepten, die in professionellen Prop-Firmen und im institutionellen Handel verwendet werden. Wenn du dein Trading ernst nimmst und die M\u00e4rkte aus einer neuen, strukturierten Perspektive betrachten willst, ist dieser Kurs genau f\u00fcr dich gemacht.<\/p>\n<p>&nbsp;<\/p>\n<p>&nbsp;<\/p>\n","protected":false},"excerpt":{"rendered":"<p><strong>Lerne, wie echte Profis den Markt analysieren und werde selbst einer!<\/strong><\/p>\n<p>Starte jetzt und entwickle ein professionelles Verst\u00e4ndnis f\u00fcr Marktstruktur und Preisbewegungen<\/p>\n","protected":false},"featured_media":1796,"comment_status":"closed","ping_status":"closed","template":"","meta":[],"product_brand":[],"product_cat":[19],"product_tag":[],"class_list":{"0":"post-1648","1":"product","2":"type-product","3":"status-publish","4":"has-post-thumbnail","6":"product_cat-live-kurse","8":"first","9":"instock","10":"virtual","11":"purchasable","12":"product-type-simple"},"jetpack_sharing_enabled":true,"_links":{"self":[{"href":"https:\/\/hta-trader-academy.com\/index.php?rest_route=\/wp\/v2\/product\/1648","targetHints":{"allow":["GET"]}}],"collection":[{"href":"https:\/\/hta-trader-academy.com\/index.php?rest_route=\/wp\/v2\/product"}],"about":[{"href":"https:\/\/hta-trader-academy.com\/index.php?rest_route=\/wp\/v2\/types\/product"}],"replies":[{"embeddable":true,"href":"https:\/\/hta-trader-academy.com\/index.php?rest_route=%2Fwp%2Fv2%2Fcomments&post=1648"}],"wp:featuredmedia":[{"embeddable":true,"href":"https:\/\/hta-trader-academy.com\/index.php?rest_route=\/wp\/v2\/media\/1796"}],"wp:attachment":[{"href":"https:\/\/hta-trader-academy.com\/index.php?rest_route=%2Fwp%2Fv2%2Fmedia&parent=1648"}],"wp:term":[{"taxonomy":"product_brand","embeddable":true,"href":"https:\/\/hta-trader-academy.com\/index.php?rest_route=%2Fwp%2Fv2%2Fproduct_brand&post=1648"},{"taxonomy":"product_cat","embeddable":true,"href":"https:\/\/hta-trader-academy.com\/index.php?rest_route=%2Fwp%2Fv2%2Fproduct_cat&post=1648"},{"taxonomy":"product_tag","embeddable":true,"href":"https:\/\/hta-trader-academy.com\/index.php?rest_route=%2Fwp%2Fv2%2Fproduct_tag&post=1648"}],"curies":[{"name":"wp","href":"https:\/\/api.w.org\/{rel}","templated":true}]}}